{"id":10,"date":"2021-07-18T06:34:11","date_gmt":"2021-07-18T04:34:11","guid":{"rendered":"http:\/\/www.trainingstherapeutin.at\/?page_id=10"},"modified":"2025-05-12T04:47:16","modified_gmt":"2025-05-12T02:47:16","slug":"ueber-mich","status":"publish","type":"page","link":"https:\/\/www.trainingstherapeutin.at\/?page_id=10","title":{"rendered":"\u00dcber mich"},"content":{"rendered":"\t\t<div data-elementor-type=\"wp-page\" data-elementor-id=\"10\" class=\"elementor elementor-10\" data-elementor-settings=\"[]\">\n\t\t\t\t\t\t\t<div class=\"elementor-section-wrap\">\n\t\t\t\t\t\t\t<section class=\"elementor-section elementor-top-section elementor-element elementor-element-38c1ce08 elementor-section-boxed elementor-section-height-default elementor-section-height-default wpr-particle-no wpr-jarallax-no wpr-parallax-no wpr-sticky-section-no\" data-id=\"38c1ce08\" data-element_type=\"section\">\n\t\t\t\t\t\t<div class=\"elementor-container elementor-column-gap-default\">\n\t\t\t\t\t<div class=\"elementor-column elementor-col-100 elementor-top-column elementor-element elementor-element-505cab6e\" data-id=\"505cab6e\" data-element_type=\"column\">\n\t\t\t<div class=\"elementor-widget-wrap elementor-element-populated\">\n\t\t\t\t\t\t\t\t<div class=\"elementor-element elementor-element-1bd3294d elementor-widget elementor-widget-text-editor\" data-id=\"1bd3294d\" data-element_type=\"widget\" data-widget_type=\"text-editor.default\">\n\t\t\t\t<div class=\"elementor-widget-container\">\n\t\t\t<style>\/*! elementor - v3.5.5 - 03-02-2022 *\/\n.elementor-widget-text-editor.elementor-drop-cap-view-stacked .elementor-drop-cap{background-color:#818a91;color:#fff}.elementor-widget-text-editor.elementor-drop-cap-view-framed .elementor-drop-cap{color:#818a91;border:3px solid;background-color:transparent}.elementor-widget-text-editor:not(.elementor-drop-cap-view-default) .elementor-drop-cap{margin-top:8px}.elementor-widget-text-editor:not(.elementor-drop-cap-view-default) .elementor-drop-cap-letter{width:1em;height:1em}.elementor-widget-text-editor .elementor-drop-cap{float:left;text-align:center;line-height:1;font-size:50px}.elementor-widget-text-editor .elementor-drop-cap-letter{display:inline-block}<\/style>\t\t\t\t<figure class=\"wp-block-image size-large\"><img loading=\"lazy\" decoding=\"async\" class=\"aligncenter wp-image-11 size-medium\" src=\"http:\/\/www.trainingstherapeutin.at\/wp-content\/uploads\/2021\/05\/FH_0401-200x300.jpg\" alt=\"\" width=\"200\" height=\"300\" srcset=\"https:\/\/www.trainingstherapeutin.at\/wp-content\/uploads\/2021\/05\/FH_0401-200x300.jpg 200w, https:\/\/www.trainingstherapeutin.at\/wp-content\/uploads\/2021\/05\/FH_0401-683x1024.jpg 683w, https:\/\/www.trainingstherapeutin.at\/wp-content\/uploads\/2021\/05\/FH_0401-768x1152.jpg 768w, https:\/\/www.trainingstherapeutin.at\/wp-content\/uploads\/2021\/05\/FH_0401-1024x1536.jpg 1024w, https:\/\/www.trainingstherapeutin.at\/wp-content\/uploads\/2021\/05\/FH_0401-1365x2048.jpg 1365w, https:\/\/www.trainingstherapeutin.at\/wp-content\/uploads\/2021\/05\/FH_0401-1568x2352.jpg 1568w, https:\/\/www.trainingstherapeutin.at\/wp-content\/uploads\/2021\/05\/FH_0401-scaled.jpg 1707w\" sizes=\"auto, (max-width: 200px) 100vw, 200px\" \/><\/figure>\n<p style=\"text-align: center;\">Mag. Esther Wodtawa, Bakk.<\/p>\n<p><!-- \/wp:paragraph --><\/p>\n<p><!-- wp:image {\"id\":11,\"sizeSlug\":\"large\",\"linkDestination\":\"none\"} --><\/p>\n<p><!-- \/wp:image --><\/p>\n<p><!-- wp:paragraph --><\/p>\n<p>\u00a0<\/p>\n<p>Durch meine jahrelange Erfahrung als Sportwissenschafterin und unz\u00e4hligen Ausbildungen verf\u00fcge ich \u00fcber ein fundiertes Expertenwissen, Einf\u00fchlungsverm\u00f6gen und Tatendrang. Nun habe ich mein Aufgabengebiet durch die Trainingstherapie erweitert, um meiner Berufung zu folgen, Menschen zu einem ges\u00fcnderen, mobileren und freudvolleren Lebensstil zu verhelfen. Dabei steht das pers\u00f6nliche Wohlergehen der Kunden mit individueller Therapie im Vordergrund.<\/p>\n<p><!-- \/wp:paragraph --><\/p>\n<p><!-- wp:paragraph --><\/p>\n<p>Ich habe meine Praxisausbildung an der Universit\u00e4t Wien im Rehazentrum Hochegg mit Covid-Patienten verbracht, sowie in dem Bereich Leistungsdiagnostik, Herz\/Kreislauf und Lunge. In der Ordination von Dr. Pschill konnte ich mit unterschiedlichsten Krankheitsbildern des Bewegungsapparates wie Skoliose, Bandscheibenvorf\u00e4llen oder Knierehabilitation arbeiten. In meiner Ausbildung zur Sportphysiotherapeutin habe ich die Anwendung der Bewegungs- und Sporttherapie bei verschiedensten Verletzungen und Traumata studiert. Die psychische Komponente, die hinter vielen Beschwerden steckt, habe ich die Anwendung Bewegungstherapie in der psychiatrischen Reha in Rust gelernt.<\/p>\n<p>Derzeit arbeite ich im Rehazentrum Alland mit Diabetes und Adipositas Patienten.<\/p>\n<p>Meine emotionale Freude am Beruf m\u00f6chte ich von Herzen gerne an Menschen weitergeben.<\/p>\n<p><!-- \/wp:paragraph --><\/p>\n<p><!-- wp:image --><\/p>\n<figure class=\"wp-block-image\"><img alt=\"\" \/><\/figure>\n<p><!-- \/wp:image --><\/p>\n<p><!-- wp:paragraph --><\/p>\n<p>\u00a0<\/p>\n<p><!-- \/wp:paragraph --><\/p>\t\t\t\t\t\t<\/div>\n\t\t\t\t<\/div>\n\t\t\t\t\t<\/div>\n\t\t<\/div>\n\t\t\t\t\t\t\t<\/div>\n\t\t<\/section>\n\t\t\t\t<section class=\"elementor-section elementor-top-section elementor-element elementor-element-cfc2882 elementor-section-boxed elementor-section-height-default elementor-section-height-default wpr-particle-no wpr-jarallax-no wpr-parallax-no wpr-sticky-section-no\" data-id=\"cfc2882\" data-element_type=\"section\">\n\t\t\t\t\t\t<div class=\"elementor-container elementor-column-gap-default\">\n\t\t\t\t\t<div class=\"elementor-column elementor-col-100 elementor-top-column elementor-element elementor-element-cbe8234\" data-id=\"cbe8234\" data-element_type=\"column\">\n\t\t\t<div class=\"elementor-widget-wrap elementor-element-populated\">\n\t\t\t\t\t\t\t\t<div class=\"elementor-element elementor-element-4b55f53 animated-slow elementor-tabs-view-horizontal elementor-invisible elementor-widget elementor-widget-tabs\" data-id=\"4b55f53\" data-element_type=\"widget\" data-settings=\"{&quot;_animation&quot;:&quot;fadeIn&quot;}\" data-widget_type=\"tabs.default\">\n\t\t\t\t<div class=\"elementor-widget-container\">\n\t\t\t<style>\/*! elementor - v3.5.5 - 03-02-2022 *\/\n.elementor-widget-tabs.elementor-tabs-view-vertical .elementor-tabs-wrapper{width:25%;-ms-flex-negative:0;flex-shrink:0}.elementor-widget-tabs.elementor-tabs-view-vertical .elementor-tab-desktop-title.elementor-active{border-right-style:none}.elementor-widget-tabs.elementor-tabs-view-vertical .elementor-tab-desktop-title.elementor-active:after,.elementor-widget-tabs.elementor-tabs-view-vertical .elementor-tab-desktop-title.elementor-active:before{height:999em;width:0;right:0;border-right-style:solid}.elementor-widget-tabs.elementor-tabs-view-vertical .elementor-tab-desktop-title.elementor-active:before{top:0;-webkit-transform:translateY(-100%);-ms-transform:translateY(-100%);transform:translateY(-100%)}.elementor-widget-tabs.elementor-tabs-view-vertical .elementor-tab-desktop-title.elementor-active:after{top:100%}.elementor-widget-tabs.elementor-tabs-view-horizontal .elementor-tab-desktop-title{display:table-cell}.elementor-widget-tabs.elementor-tabs-view-horizontal .elementor-tab-desktop-title.elementor-active{border-bottom-style:none}.elementor-widget-tabs.elementor-tabs-view-horizontal .elementor-tab-desktop-title.elementor-active:after,.elementor-widget-tabs.elementor-tabs-view-horizontal .elementor-tab-desktop-title.elementor-active:before{bottom:0;height:0;width:999em;border-bottom-style:solid}.elementor-widget-tabs.elementor-tabs-view-horizontal .elementor-tab-desktop-title.elementor-active:before{right:100%}.elementor-widget-tabs.elementor-tabs-view-horizontal .elementor-tab-desktop-title.elementor-active:after{left:100%}.elementor-widget-tabs .elementor-tab-content,.elementor-widget-tabs .elementor-tab-title,.elementor-widget-tabs .elementor-tab-title:after,.elementor-widget-tabs .elementor-tab-title:before,.elementor-widget-tabs .elementor-tabs-content-wrapper{border:1px #d4d4d4}.elementor-widget-tabs .elementor-tabs{text-align:left}.elementor-widget-tabs .elementor-tabs-wrapper{overflow:hidden}.elementor-widget-tabs .elementor-tab-title{cursor:pointer;outline:var(--focus-outline,none)}.elementor-widget-tabs .elementor-tab-desktop-title{position:relative;padding:20px 25px;font-weight:700;line-height:1;border:solid transparent}.elementor-widget-tabs .elementor-tab-desktop-title.elementor-active{border-color:#d4d4d4}.elementor-widget-tabs .elementor-tab-desktop-title.elementor-active:after,.elementor-widget-tabs .elementor-tab-desktop-title.elementor-active:before{display:block;content:\"\";position:absolute}.elementor-widget-tabs .elementor-tab-mobile-title{padding:10px;cursor:pointer}.elementor-widget-tabs .elementor-tab-content{padding:20px;display:none}@media (max-width:767px){.elementor-tabs .elementor-tab-content,.elementor-tabs .elementor-tab-title{border-style:solid solid none}.elementor-tabs .elementor-tabs-wrapper{display:none}.elementor-tabs .elementor-tabs-content-wrapper{border-bottom-style:solid}.elementor-tabs .elementor-tab-content{padding:10px}}@media (min-width:768px){.elementor-widget-tabs.elementor-tabs-view-vertical .elementor-tabs{display:-webkit-box;display:-ms-flexbox;display:flex}.elementor-widget-tabs.elementor-tabs-view-vertical .elementor-tabs-wrapper{-webkit-box-orient:vertical;-webkit-box-direction:normal;-ms-flex-direction:column;flex-direction:column}.elementor-widget-tabs.elementor-tabs-view-vertical .elementor-tabs-content-wrapper{-webkit-box-flex:1;-ms-flex-positive:1;flex-grow:1;border-style:solid solid solid none}.elementor-widget-tabs.elementor-tabs-view-horizontal .elementor-tab-content{border-style:none solid solid}.elementor-widget-tabs.elementor-tabs-alignment-center .elementor-tabs-wrapper,.elementor-widget-tabs.elementor-tabs-alignment-end .elementor-tabs-wrapper,.elementor-widget-tabs.elementor-tabs-alignment-stretch .elementor-tabs-wrapper{display:-webkit-box;display:-ms-flexbox;display:flex}.elementor-widget-tabs.elementor-tabs-alignment-center .elementor-tabs-wrapper{-webkit-box-pack:center;-ms-flex-pack:center;justify-content:center}.elementor-widget-tabs.elementor-tabs-alignment-end .elementor-tabs-wrapper{-webkit-box-pack:end;-ms-flex-pack:end;justify-content:flex-end}.elementor-widget-tabs.elementor-tabs-alignment-stretch.elementor-tabs-view-horizontal .elementor-tab-title{width:100%}.elementor-widget-tabs.elementor-tabs-alignment-stretch.elementor-tabs-view-vertical .elementor-tab-title{height:100%}.elementor-tabs .elementor-tab-mobile-title{display:none}}<\/style>\t\t<div class=\"elementor-tabs\">\n\t\t\t<div class=\"elementor-tabs-wrapper\" role=\"tablist\" >\n\t\t\t\t\t\t\t\t\t<div id=\"elementor-tab-title-7891\" class=\"elementor-tab-title elementor-tab-desktop-title\" aria-selected=\"true\" data-tab=\"1\" role=\"tab\" tabindex=\"0\" aria-controls=\"elementor-tab-content-7891\" aria-expanded=\"false\">Ausbildung<\/div>\n\t\t\t\t\t\t\t\t\t<div id=\"elementor-tab-title-7892\" class=\"elementor-tab-title elementor-tab-desktop-title\" aria-selected=\"false\" data-tab=\"2\" role=\"tab\" tabindex=\"-1\" aria-controls=\"elementor-tab-content-7892\" aria-expanded=\"false\">Berufserfahrung<\/div>\n\t\t\t\t\t\t\t\t\t<div id=\"elementor-tab-title-7893\" class=\"elementor-tab-title elementor-tab-desktop-title\" aria-selected=\"false\" data-tab=\"3\" role=\"tab\" tabindex=\"-1\" aria-controls=\"elementor-tab-content-7893\" aria-expanded=\"false\">Praktika<\/div>\n\t\t\t\t\t\t\t\t\t<div id=\"elementor-tab-title-7894\" class=\"elementor-tab-title elementor-tab-desktop-title\" aria-selected=\"false\" data-tab=\"4\" role=\"tab\" tabindex=\"-1\" aria-controls=\"elementor-tab-content-7894\" aria-expanded=\"false\">Weiterbildung<\/div>\n\t\t\t\t\t\t\t<\/div>\n\t\t\t<div class=\"elementor-tabs-content-wrapper\" role=\"tablist\" aria-orientation=\"vertical\">\n\t\t\t\t\t\t\t\t\t<div class=\"elementor-tab-title elementor-tab-mobile-title\" aria-selected=\"true\" data-tab=\"1\" role=\"tab\" tabindex=\"0\" aria-controls=\"elementor-tab-content-7891\" aria-expanded=\"false\">Ausbildung<\/div>\n\t\t\t\t\t<div id=\"elementor-tab-content-7891\" class=\"elementor-tab-content elementor-clearfix\" data-tab=\"1\" role=\"tabpanel\" aria-labelledby=\"elementor-tab-title-7891\" tabindex=\"0\" hidden=\"false\"><p>10\/2019 \u2013 10\/2020 |&nbsp;<strong>Universit\u00e4tslehrgang Trainingstherapie<\/strong> |&nbsp;Universit\u00e4tWien<\/p>\n<p>02\/2010 \u2013 10\/2013 | <strong>Magisterstudium Sportwissenschaft<\/strong> | Schwerpunkt Sportpsychologie | Universit\u00e4t Wien<\/p>\n<p><span style=\"font-size: 16px;\">2010 -2011 |&nbsp;<\/span><span style=\"font-weight: bolder; font-size: 16px;\">European Sport Physiotherapist<\/span><span style=\"font-size: 16px;\">&nbsp;| Physiotherapiezentrum Wien<\/span><\/p>\n<p>02\/2006 &#8211; 01\/2010 | <strong>Bakkalaureat Gesundheitssport Lehramt Bewegung &amp; Sport, Psychologie &amp; Philosophie<\/strong> | Universit\u00e4t Wien, Paris&nbsp;<\/p>\n<p>2005 |&nbsp;<strong>Matura<\/strong> | Neusprachliches Gymnasium Diefenbachgasse<\/p><\/div>\n\t\t\t\t\t\t\t\t\t<div class=\"elementor-tab-title elementor-tab-mobile-title\" aria-selected=\"false\" data-tab=\"2\" role=\"tab\" tabindex=\"-1\" aria-controls=\"elementor-tab-content-7892\" aria-expanded=\"false\">Berufserfahrung<\/div>\n\t\t\t\t\t<div id=\"elementor-tab-content-7892\" class=\"elementor-tab-content elementor-clearfix\" data-tab=\"2\" role=\"tabpanel\" aria-labelledby=\"elementor-tab-title-7892\" tabindex=\"0\" hidden=\"hidden\"><p>10\/2024 &#8211; heute  | <strong>Rehazentrum PVA Alland <\/strong> | Trainingstherapeutin<\/p>\n<ul><li>Gruppentherapien wie Aquagymnastik, Ausdauer- und Krafttraining, Nordic Walking, etc.<\/li><li>\nTrainingsberatung<\/li><\/ul>\n<p><br><\/p>\n<p>03\/2015 &#8211; heute | <strong>Projektorganisatorin Fitness- und Gesundheitsf\u00f6rderung <\/strong>| ASK\u00d6 Nieder\u00f6sterreich, Trumau<\/p>\n<ul>\n<li>BGF \/ \u00d6GK \/ Projektorganisation &amp; -umsetzung: Testungen, Gesundheitsberatung, Training<\/li>\n<li>Entwicklung &amp; Trainert\u00e4tigkeit \u201eKinder gesund bewegen\u201c<\/li>\n<li>Referentin Aus-&amp;Fortbildungen<\/li>\n<\/ul>\n<p><em>07\/2013 \u2013 01\/2015 |&nbsp;<\/em><strong>Fachleitung Sport und Gesundheit | <\/strong>Seachefs \u2013 TUI Cruises &#8211; Mein Schiff, weltweit<\/p>\n<ul>\n<li>Teamf\u00fchrung<\/li>\n<li>Marketing, Verkauf, Reise- und Kursplanung<\/li>\n<li>Personal Training, Kurstrainerin, Vortr\u00e4ge, Workshops<\/li>\n<\/ul>\n<p><em>01\/2008 \u2013 06\/2016 | <\/em><strong>Fitness- &amp; Personaltrainerin | <\/strong>Club Danube Freizeitanlagen GmbH, Wien<\/p>\n<ul>\n<li>Empfang, Verkauf, Administration<\/li>\n<li>Fitnesstrainerin mit Kundenbetreuung und \u2013beratung<\/li>\n<li>Kurstrainerin<\/li>\n<\/ul>\n<p>03\/2011 \u2013 02\/2012 | <strong>Studienassistentin | <\/strong>Abteilung f\u00fcr Sportpsychologie Universit\u00e4t Wien<\/p>\n<ul>\n<li>Forschung, wissenschaftliches Arbeiten, sportpsychologische Testungen<\/li>\n<\/ul><\/div>\n\t\t\t\t\t\t\t\t\t<div class=\"elementor-tab-title elementor-tab-mobile-title\" aria-selected=\"false\" data-tab=\"3\" role=\"tab\" tabindex=\"-1\" aria-controls=\"elementor-tab-content-7893\" aria-expanded=\"false\">Praktika<\/div>\n\t\t\t\t\t<div id=\"elementor-tab-content-7893\" class=\"elementor-tab-content elementor-clearfix\" data-tab=\"3\" role=\"tabpanel\" aria-labelledby=\"elementor-tab-title-7893\" tabindex=\"0\" hidden=\"hidden\"><p>10\/2019 \u2013 10\/2020 | <strong>Trainingstherapeutin<\/strong><\/p>\n<ul>\n<li>Rehazentrum Hochegg f\u00fcr Herz-Kreislauf &amp; Atemwegserkrankungen<\/li>\n<li>Zentrum f\u00fcr psychosoziale Gesundheit Sonnenpark Neusiedlersee<\/li>\n<li>Ambulatorium f\u00fcr physikalische Medizin Prim. Dr. Alfred Pschill<\/li>\n<\/ul>\n<p><em>09\/2012 \u2013 02\/2013 | <\/em><strong>Sportmanagement | <\/strong>DAIMLER &#8211; SG Stern Sindelfingen, Stuttgart<\/p>\n<ul>\n<li>Organisation von Veranstaltungen, Gesundheitsmessen<\/li>\n<li>BGF, Sportkurse, Gesundheitstage<\/li>\n<li>Marketing, Internetauftritt<\/li>\n<\/ul><\/div>\n\t\t\t\t\t\t\t\t\t<div class=\"elementor-tab-title elementor-tab-mobile-title\" aria-selected=\"false\" data-tab=\"4\" role=\"tab\" tabindex=\"-1\" aria-controls=\"elementor-tab-content-7894\" aria-expanded=\"false\">Weiterbildung<\/div>\n\t\t\t\t\t<div id=\"elementor-tab-content-7894\" class=\"elementor-tab-content elementor-clearfix\" data-tab=\"4\" role=\"tabpanel\" aria-labelledby=\"elementor-tab-title-7894\" tabindex=\"0\" hidden=\"hidden\"><p>2025  | <b>ESP Stoffwechselerkrankungen <\/b>| <span style=\"font-size: 16px;\">Physiotherapiezentrum Wien<\/span><\/p>\n<p>2024 |<b> R\u00fcckbildung und Beckenbodentraining<\/b> |Leben bewegt Akademie<\/p>\n<p>2024 | <b>ESP Wirbels\u00e4ulenrehabilitation <\/b>| <span style=\"font-size: 16px;\">Physiotherapiezentrum Wien<\/span><\/p>\n<p>2021 |&nbsp;<strong>Bewegung am Arbeitsplatz, vers. Fortbildungen<\/strong>&nbsp;| ASK\u00d6 | online<\/p>\n<p>2021 |&nbsp;<strong>Webinar Selbstst\u00e4ndigkeit<\/strong>&nbsp;| VS\u00d6 | online<\/p>\n<p>2021 |&nbsp;Webinar&nbsp;<strong>Sportwissenschaft im Betrieb\/Bewegung im Home-Office<\/strong> | \u00d6BSV<\/p>\n<p>2020 |&nbsp;<strong>Bewegung am Arbeitsplatz, vers. Fortbildungen<\/strong>&nbsp;| ASK\u00d6 | online<\/p>\n<p>2019 |&nbsp;Fit f\u00fcr \u00d6sterreich Kongress | fitsportaustria | Saalfelden<\/p>\n<p>2019 |&nbsp;<strong>Training in der Schwangerschaft und nach der Geburt<\/strong>|Physiozentrum | Wien<\/p>\n<p>2018 |<strong>&nbsp;R\u00fcckenschule nach Karin Albrecht&nbsp;<\/strong>| ASK\u00d6 Salzburg<\/p>\n<p>2018 |&nbsp;Fit f\u00fcr \u00d6sterreich &amp; Kigebe Kongress | fitsportaustria | Saalfelden &amp; Wr. Neustadt<\/p>\n<p>2017 |&nbsp;Fit f\u00fcr \u00d6sterreich &amp; Kigebe Kongress | fitsportaustria | Saalfelden &amp; Wr. Neustadt<\/p>\n<p>2016 |&nbsp;Fit f\u00fcr \u00d6sterreich &amp; Kigebe Kongress | fitsportaustria | Saalfelden &amp; Wr. Neustadt<\/p>\n<p>2016 |<strong>&nbsp;PILATES Coach<\/strong>&nbsp;| SPORTUNION Akademie | Graz<\/p>\n<p>2016 |&nbsp;<strong>Lauf-Coach &nbsp;<\/strong>&nbsp;&nbsp; &nbsp; &nbsp;| SPORTUNION Akademie | Wr. Neustadt<\/p>\n<p>2015 |&nbsp;<strong>USTART<\/strong>: Programm zu Selbsst\u00e4ndigkeit u. Gr\u00fcndung | Uni Wien<\/p>\n<p>2015 | Fit f\u00fcr \u00d6sterreich Kongress | fitsportaustria| Saalfelden<\/p>\n<p>2014 | \u201eF\u00fchrungsplanspiel\u201c &#8211;&nbsp;<strong>Managementtraining<\/strong>&nbsp;| TUI Cruises&nbsp;|&nbsp;Hamburg<\/p>\n<p>2014 |&nbsp;<strong>Indoor Cycling Instructor<\/strong>&nbsp;| SCHWINN | K\u00f6ln<\/p>\n<p>2013 |&nbsp;<strong>XCO<\/strong>&nbsp;\u2013 Zertifikat | Flexisports | Stuttgart<\/p>\n<p>2011-12 | European&nbsp;<strong>Sport Physiotherapy<\/strong>&nbsp;(ESP\u00ae)| Physiozentrum | Wien<\/p>\n<p>2011 | Trainerfortbildungen \u00d6BS (<strong>Sportpsychologie<\/strong>&nbsp;im Leistungssport)<\/p>\n<p>2008-2015 | zahlreiche interne Club Danube sowie TUI-Cruises Fortbildungen wie Easy Line, Pilates-Workshop oder zum&nbsp;Thema Ern\u00e4hrung, Kundenzufriedenheit, etc.<\/p>\n<p>2008 | Ski- und Snowboardbegleitlehrerausbildung der Universit\u00e4t Wien<\/p>\n<p>&nbsp;<\/p><\/div>\n\t\t\t\t\t\t\t<\/div>\n\t\t<\/div>\n\t\t\t\t<\/div>\n\t\t\t\t<\/div>\n\t\t\t\t\t<\/div>\n\t\t<\/div>\n\t\t\t\t\t\t\t<\/div>\n\t\t<\/section>\n\t\t\t\t\t\t<\/div>\n\t\t\t\t\t<\/div>\n\t\t","protected":false},"excerpt":{"rendered":"<p>Mag. Esther Wodtawa, Bakk. \u00a0 Durch meine jahrelange Erfahrung als Sportwissenschafterin und unz\u00e4hligen Ausbildungen verf\u00fcge ich \u00fcber ein fundiertes Expertenwissen, Einf\u00fchlungsverm\u00f6gen und Tatendrang. Nun habe ich mein Aufgabengebiet durch die Trainingstherapie erweitert, um meiner Berufung zu folgen, Menschen zu einem ges\u00fcnderen, mobileren und freudvolleren Lebensstil zu verhelfen. Dabei steht das pers\u00f6nliche Wohlergehen der Kunden mit individueller Therapie im Vordergrund. Ich habe meine Praxisausbildung an der Universit\u00e4t Wien im Rehazentrum Hochegg mit Covid-Patienten verbracht, sowie in dem Bereich Leistungsdiagnostik, Herz\/Kreislauf und Lunge. In der Ordination von Dr. Pschill konnte ich mit unterschiedlichsten Krankheitsbildern des Bewegungsapparates wie Skoliose, Bandscheibenvorf\u00e4llen oder Knierehabilitation arbeiten. In meiner Ausbildung zur Sportphysiotherapeutin habe ich die Anwendung der Bewegungs- und Sporttherapie bei verschiedensten Verletzungen und Traumata studiert. Die psychische Komponente, die hinter vielen Beschwerden steckt, habe ich die Anwendung Bewegungstherapie in der psychiatrischen Reha in Rust gelernt. Derzeit arbeite ich im Rehazentrum Alland mit Diabetes und Adipositas Patienten. Meine emotionale Freude am Beruf m\u00f6chte ich von Herzen gerne an Menschen weitergeben. \u00a0 Ausbildung Berufserfahrung Praktika Weiterbildung Ausbildung 10\/2019 \u2013 10\/2020 |&nbsp;Universit\u00e4tslehrgang Trainingstherapie |&nbsp;Universit\u00e4tWien 02\/2010 \u2013 10\/2013 | Magisterstudium Sportwissenschaft | Schwerpunkt Sportpsychologie | Universit\u00e4t Wien 2010 -2011 |&nbsp;European Sport Physiotherapist&nbsp;| Physiotherapiezentrum Wien 02\/2006 &#8211; 01\/2010 | Bakkalaureat Gesundheitssport Lehramt Bewegung &amp; Sport, Psychologie &amp; Philosophie | Universit\u00e4t Wien, Paris&nbsp; 2005 |&nbsp;Matura | Neusprachliches Gymnasium Diefenbachgasse Berufserfahrung 10\/2024 &#8211; heute | Rehazentrum PVA Alland | Trainingstherapeutin Gruppentherapien wie Aquagymnastik, Ausdauer- und Krafttraining, Nordic Walking, etc. Trainingsberatung 03\/2015 &#8211; heute | Projektorganisatorin Fitness- und Gesundheitsf\u00f6rderung | ASK\u00d6 Nieder\u00f6sterreich, Trumau BGF \/ \u00d6GK \/ Projektorganisation &amp; -umsetzung: Testungen, Gesundheitsberatung, Training Entwicklung &amp; Trainert\u00e4tigkeit \u201eKinder gesund bewegen\u201c Referentin Aus-&amp;Fortbildungen 07\/2013 \u2013 01\/2015 |&nbsp;Fachleitung Sport und Gesundheit | Seachefs \u2013 TUI Cruises &#8211; Mein Schiff, weltweit Teamf\u00fchrung Marketing, Verkauf, Reise- und Kursplanung Personal Training, Kurstrainerin, Vortr\u00e4ge, Workshops 01\/2008 \u2013 06\/2016 | Fitness- &amp; Personaltrainerin | Club Danube Freizeitanlagen GmbH, Wien Empfang, Verkauf, Administration Fitnesstrainerin mit Kundenbetreuung und \u2013beratung Kurstrainerin 03\/2011 \u2013 02\/2012 | Studienassistentin | Abteilung f\u00fcr Sportpsychologie Universit\u00e4t Wien Forschung, wissenschaftliches Arbeiten, sportpsychologische Testungen Praktika 10\/2019 \u2013 10\/2020 | Trainingstherapeutin Rehazentrum Hochegg f\u00fcr Herz-Kreislauf &amp; Atemwegserkrankungen Zentrum f\u00fcr psychosoziale Gesundheit Sonnenpark Neusiedlersee Ambulatorium f\u00fcr physikalische Medizin Prim. Dr. Alfred Pschill 09\/2012 \u2013 02\/2013 | Sportmanagement | DAIMLER &#8211; SG Stern Sindelfingen, Stuttgart Organisation von Veranstaltungen, Gesundheitsmessen BGF, Sportkurse, Gesundheitstage Marketing, Internetauftritt Weiterbildung 2025 | ESP Stoffwechselerkrankungen | Physiotherapiezentrum Wien 2024 | R\u00fcckbildung und Beckenbodentraining |Leben bewegt Akademie 2024 | ESP Wirbels\u00e4ulenrehabilitation | Physiotherapiezentrum Wien 2021 |&nbsp;Bewegung am Arbeitsplatz, vers. Fortbildungen&nbsp;| ASK\u00d6 | online 2021 |&nbsp;Webinar Selbstst\u00e4ndigkeit&nbsp;| VS\u00d6 | online 2021 |&nbsp;Webinar&nbsp;Sportwissenschaft im Betrieb\/Bewegung im Home-Office | \u00d6BSV 2020 |&nbsp;Bewegung am Arbeitsplatz, vers. Fortbildungen&nbsp;| ASK\u00d6 | online 2019 |&nbsp;Fit f\u00fcr \u00d6sterreich Kongress | fitsportaustria | Saalfelden 2019 |&nbsp;Training in der Schwangerschaft und nach der Geburt|Physiozentrum | Wien 2018 |&nbsp;R\u00fcckenschule nach Karin Albrecht&nbsp;| ASK\u00d6 Salzburg 2018 |&nbsp;Fit f\u00fcr \u00d6sterreich &amp; Kigebe Kongress | fitsportaustria | Saalfelden &amp; Wr. Neustadt 2017 |&nbsp;Fit f\u00fcr \u00d6sterreich &amp; Kigebe Kongress | fitsportaustria | Saalfelden &amp; Wr. Neustadt 2016 |&nbsp;Fit f\u00fcr \u00d6sterreich &amp; Kigebe Kongress | fitsportaustria | Saalfelden &amp; Wr. Neustadt 2016 |&nbsp;PILATES Coach&nbsp;| SPORTUNION Akademie | Graz 2016 |&nbsp;Lauf-Coach &nbsp;&nbsp;&nbsp; &nbsp; &nbsp;| SPORTUNION Akademie | Wr. Neustadt 2015 |&nbsp;USTART: Programm zu Selbsst\u00e4ndigkeit u. Gr\u00fcndung | Uni Wien 2015 | Fit f\u00fcr \u00d6sterreich Kongress | fitsportaustria| Saalfelden 2014 | \u201eF\u00fchrungsplanspiel\u201c &#8211;&nbsp;Managementtraining&nbsp;| TUI Cruises&nbsp;|&nbsp;Hamburg 2014 |&nbsp;Indoor Cycling Instructor&nbsp;| SCHWINN | K\u00f6ln 2013 |&nbsp;XCO&nbsp;\u2013 Zertifikat | Flexisports | Stuttgart 2011-12 | European&nbsp;Sport Physiotherapy&nbsp;(ESP\u00ae)| Physiozentrum | Wien 2011 | Trainerfortbildungen \u00d6BS (Sportpsychologie&nbsp;im Leistungssport) 2008-2015 | zahlreiche interne Club Danube sowie TUI-Cruises Fortbildungen wie Easy Line, Pilates-Workshop oder zum&nbsp;Thema Ern\u00e4hrung, Kundenzufriedenheit, etc. 2008 | Ski- und Snowboardbegleitlehrerausbildung der Universit\u00e4t Wien &nbsp;<\/p>\n","protected":false},"author":1,"featured_media":0,"parent":0,"menu_order":0,"comment_status":"closed","ping_status":"closed","template":"","meta":{"footnotes":""},"class_list":["post-10","page","type-page","status-publish","hentry"],"_links":{"self":[{"href":"https:\/\/www.trainingstherapeutin.at\/index.php?rest_route=\/wp\/v2\/pages\/10","targetHints":{"allow":["GET"]}}],"collection":[{"href":"https:\/\/www.trainingstherapeutin.at\/index.php?rest_route=\/wp\/v2\/pages"}],"about":[{"href":"https:\/\/www.trainingstherapeutin.at\/index.php?rest_route=\/wp\/v2\/types\/page"}],"author":[{"embeddable":true,"href":"https:\/\/www.trainingstherapeutin.at\/index.php?rest_route=\/wp\/v2\/users\/1"}],"replies":[{"embeddable":true,"href":"https:\/\/www.trainingstherapeutin.at\/index.php?rest_route=%2Fwp%2Fv2%2Fcomments&post=10"}],"version-history":[{"count":66,"href":"https:\/\/www.trainingstherapeutin.at\/index.php?rest_route=\/wp\/v2\/pages\/10\/revisions"}],"predecessor-version":[{"id":835,"href":"https:\/\/www.trainingstherapeutin.at\/index.php?rest_route=\/wp\/v2\/pages\/10\/revisions\/835"}],"wp:attachment":[{"href":"https:\/\/www.trainingstherapeutin.at\/index.php?rest_route=%2Fwp%2Fv2%2Fmedia&parent=10"}],"curies":[{"name":"wp","href":"https:\/\/api.w.org\/{rel}","templated":true}]}}