{"id":14,"date":"2021-07-18T06:33:55","date_gmt":"2021-07-18T04:33:55","guid":{"rendered":"http:\/\/www.trainingstherapeutin.at\/?page_id=14"},"modified":"2022-02-15T11:10:16","modified_gmt":"2022-02-15T10:10:16","slug":"therapieangebote","status":"publish","type":"page","link":"https:\/\/www.trainingstherapeutin.at\/?page_id=14","title":{"rendered":"Therapie<wbr>angebote"},"content":{"rendered":"\t\t<div data-elementor-type=\"wp-page\" data-elementor-id=\"14\" class=\"elementor elementor-14\" data-elementor-settings=\"[]\">\n\t\t\t\t\t\t\t<div class=\"elementor-section-wrap\">\n\t\t\t\t\t\t\t<section class=\"elementor-section elementor-top-section elementor-element elementor-element-9d9c18c elementor-section-boxed elementor-section-height-default elementor-section-height-default wpr-particle-no wpr-jarallax-no wpr-parallax-no wpr-sticky-section-no\" data-id=\"9d9c18c\" data-element_type=\"section\">\n\t\t\t\t\t\t<div class=\"elementor-container elementor-column-gap-default\">\n\t\t\t\t\t<div class=\"elementor-column elementor-col-100 elementor-top-column elementor-element elementor-element-409a9319\" data-id=\"409a9319\" data-element_type=\"column\">\n\t\t\t<div class=\"elementor-widget-wrap elementor-element-populated\">\n\t\t\t\t\t\t\t\t<div class=\"elementor-element elementor-element-7fc29e7e elementor-widget elementor-widget-text-editor\" data-id=\"7fc29e7e\" data-element_type=\"widget\" data-widget_type=\"text-editor.default\">\n\t\t\t\t<div class=\"elementor-widget-container\">\n\t\t\t<style>\/*! elementor - v3.5.5 - 03-02-2022 *\/\n.elementor-widget-text-editor.elementor-drop-cap-view-stacked .elementor-drop-cap{background-color:#818a91;color:#fff}.elementor-widget-text-editor.elementor-drop-cap-view-framed .elementor-drop-cap{color:#818a91;border:3px solid;background-color:transparent}.elementor-widget-text-editor:not(.elementor-drop-cap-view-default) .elementor-drop-cap{margin-top:8px}.elementor-widget-text-editor:not(.elementor-drop-cap-view-default) .elementor-drop-cap-letter{width:1em;height:1em}.elementor-widget-text-editor .elementor-drop-cap{float:left;text-align:center;line-height:1;font-size:50px}.elementor-widget-text-editor .elementor-drop-cap-letter{display:inline-block}<\/style>\t\t\t\t<p><!-- wp:paragraph --><\/p>\n<h1>\u00c4rztlich Verordnete Trainingstherapie<\/h1>\n<p><!-- \/wp:paragraph --><\/p>\n<p><!-- wp:paragraph --><\/p>\n<p>Ich arbeite mit unterschiedlichen \u00c4rzten zusammen im Bereich Allgemeinmedizin, Internistische Erkrankungen (Herz\/Kreislauf, Lunge, Stoffwechsel, Magen-\/Darmerkrankungen, etc.), Orthop\u00e4die (Wirbels\u00e4ule, Knie, Schulter, etc.) und Psychiatrie (Depressionen, Angstst\u00f6rungen, etc.), um eine bestm\u00f6gliche, individuelle und ganzheitliche Therapie durchzuf\u00fchren.<\/p>\n<hr>\n<p><!-- \/wp:paragraph --><\/p>\n<p><!-- wp:paragraph --><\/p>\n<h1>&nbsp;<\/h1>\n<h1>Trainingstherapie<\/h1>\n<p><!-- \/wp:paragraph --><\/p>\n<p><!-- wp:heading {\"level\":1,\"fontSize\":\"small\"} --><\/p>\n<p>Medizinische Trainingstherapie (MTT)<br>Training als Medikament<\/p>\n<p>\u201eAusdauer- und Krafttraining verbessern nicht nur die Rehabilitation speziell bei Patienten mit COPD und Rheuma. Bei onkologischen Patienten kann sie dar\u00fcber hinaus k\u00f6rperliche Schw\u00e4chen, die durch den Fortschritt der Krankheit oder die Therapiewirkungen auftreten, minimieren.\u201c<\/p>\n<p><!-- \/wp:heading --><\/p>\n<p><!-- wp:heading {\"level\":1,\"fontSize\":\"small\"} --><\/p>\n<p>K\u00f6rperliche Fitness ist nicht nur ein wesentlicher Faktor, um Gesundheit zu erhalten und Krankheiten vorzubeugen. In Form der Medizinischen Trainingstherapie (MTT) kann gezielt auf den Patienten abgestimmtes Training von Kraft und Ausdauer auch den Krankheitsverlauf, die Rehabilitation und damit die Lebensqualit\u00e4t der Patienten ma\u00dfgeblich beeinflussen. \u201eZiel der Medizinischen Trainingstherapie ist, dass sich im K\u00f6rper Ver\u00e4nderungen zeigen, die die Leistungsf\u00e4higkeit und die Muskelf\u00e4higkeit verbessern. Prinzipiell ist sie bei jedem einsetzbar, der eine eingeschr\u00e4nkte Leistungsf\u00e4higkeit aufweist\u201c, sagt Karin Vonbank, Leiterin der Ambulanz f\u00fcr Sport- und Leistungsmedizin von der Abteilung Pulmologie an der Universit\u00e4tsklinik Innere Medizin II in Wien. Nach einem gemeinsam mit dem Patienten erstellten Trainingsplan werden Kraft, Koordination, Gleichgewicht, Ausdauer, Haltung oder Flexibilit\u00e4t teils ger\u00e4tegest\u00fctzt, teils durch Sportarten wie Nordic Walking, Laufen oder Ergometer-Fahrradfahren trainiert.<br>Von Elisabeth Gerstendorfer<\/p>\n<p>Quelle: <a href=\"https:\/\/aerztezeitung.at\/2012\/oaz-artikel\/medizin\/medizinische-trainingstherapie-mtt-ausdauer-kraft\/\">www.aerztezeitung.at\/archiv\/oeaez-2012\/oeaez-5-10032012\/medizinische-trainingstherapie-mtt-ausdauer-kraft.html<\/a><\/p>\n<hr>\n<p><!-- \/wp:heading --><\/p>\n<p><!-- wp:heading {\"level\":1,\"fontSize\":\"small\"} --><\/p>\n<p><!-- \/wp:heading --><\/p>\n<p><!-- wp:paragraph --><\/p>\n<h1>&nbsp;<\/h1>\n<h1>Therapieangebote<\/h1>\n<p><!-- \/wp:paragraph --><\/p>\n<p><!-- wp:image {\"id\":25,\"sizeSlug\":\"large\",\"linkDestination\":\"none\"} --><\/p>\n<figure class=\"wp-block-image size-large\"><img loading=\"lazy\" decoding=\"async\" class=\"aligncenter wp-image-25 size-medium\" src=\"http:\/\/www.trainingstherapeutin.at\/wp-content\/uploads\/2021\/05\/FH_0550-300x200.jpg\" alt=\"\" width=\"300\" height=\"200\" srcset=\"https:\/\/www.trainingstherapeutin.at\/wp-content\/uploads\/2021\/05\/FH_0550-300x200.jpg 300w, https:\/\/www.trainingstherapeutin.at\/wp-content\/uploads\/2021\/05\/FH_0550-1024x683.jpg 1024w, https:\/\/www.trainingstherapeutin.at\/wp-content\/uploads\/2021\/05\/FH_0550-768x512.jpg 768w, https:\/\/www.trainingstherapeutin.at\/wp-content\/uploads\/2021\/05\/FH_0550-1536x1024.jpg 1536w, https:\/\/www.trainingstherapeutin.at\/wp-content\/uploads\/2021\/05\/FH_0550-2048x1365.jpg 2048w, https:\/\/www.trainingstherapeutin.at\/wp-content\/uploads\/2021\/05\/FH_0550-1568x1045.jpg 1568w\" sizes=\"auto, (max-width: 300px) 100vw, 300px\" \/><\/figure>\n<p><!-- \/wp:image --><\/p>\n<p><!-- wp:list --><\/p>\n<ul>\n<li>Ausdauertraining wie gef\u00fchrtes Nordic Walking, Wandern oder Laufen z.B. bei Herz-Kreislauf Erkrankungen, Stoffwechselst\u00f6rungen, etc.<\/li>\n<li>allg. Aufbau- und Leistungstraining wie Fahrradergometer z.B. bei Neurologischen Erkrankungen, nach Operationen oder als Wettkampfvorbereitung<\/li>\n<li>Krafttraining zur St\u00e4rkung der Muskulatur z.B. bei Adipositas, Wirbels\u00e4ulenproblemen oder Diabetes<\/li>\n<li>Atemgymnastik, -therapie z.B. bei Asthma, COPD oder nach Covid<\/li>\n<li>Beckenbodentraining z.B. bei Inkontinenz, in oder nach der Schwangerschaft<\/li>\n<li>Koordinations- und Gleichgewichtstraining (sensomotorisches Training) z.B. nach Knieverletzungen, Schwindel oder Operationen<\/li>\n<li>Entspannungsverfahren (Autogenes Training, PMR, etc.) z.B. bei Burnout, Schlafst\u00f6rungen oder zum Stressausgleich<\/li>\n<li>Beratungen\/Vortr\u00e4ge\/Schulungen \u00fcber allgemein gesundheitsf\u00f6rderliches Verhalten und Training<\/li>\n<li>Trainingstherapiebezogene Beratungen f\u00fcr Bewegung im Alltag, Trainingsplanerstellung<\/li>\n<li>Leistungsdiagnostische T\u00e4tigkeiten zur Ist-Stand Ermittlung und Erreichung sportlicher Ziele<\/li>\n<\/ul>\n<p><!-- \/wp:list --><\/p>\n<p><!-- wp:image {\"id\":26,\"sizeSlug\":\"large\",\"linkDestination\":\"none\"} --><\/p>\n<figure class=\"wp-block-image size-large\"><img loading=\"lazy\" decoding=\"async\" class=\"aligncenter wp-image-26 size-medium\" src=\"http:\/\/www.trainingstherapeutin.at\/wp-content\/uploads\/2021\/05\/FH_0673-300x200.jpg\" alt=\"\" width=\"300\" height=\"200\" srcset=\"https:\/\/www.trainingstherapeutin.at\/wp-content\/uploads\/2021\/05\/FH_0673-300x200.jpg 300w, https:\/\/www.trainingstherapeutin.at\/wp-content\/uploads\/2021\/05\/FH_0673-1024x683.jpg 1024w, https:\/\/www.trainingstherapeutin.at\/wp-content\/uploads\/2021\/05\/FH_0673-768x512.jpg 768w, https:\/\/www.trainingstherapeutin.at\/wp-content\/uploads\/2021\/05\/FH_0673-1536x1024.jpg 1536w, https:\/\/www.trainingstherapeutin.at\/wp-content\/uploads\/2021\/05\/FH_0673-2048x1365.jpg 2048w, https:\/\/www.trainingstherapeutin.at\/wp-content\/uploads\/2021\/05\/FH_0673-1568x1045.jpg 1568w\" sizes=\"auto, (max-width: 300px) 100vw, 300px\" \/><\/figure>\n<p><!-- \/wp:image --><\/p>\n<p><!-- wp:paragraph --><\/p>\n<p>Apparative Leistungen<\/p>\n<p><!-- \/wp:paragraph --><\/p>\n<p><!-- wp:list --><\/p>\n<ul>\n<li>Wirbels\u00e4ulenscan (Medimouse)<\/li>\n<li>Maximalkraftmessungen (DR. Wolff)<\/li>\n<li>Muskelfunktionstests (Abschw\u00e4chungen\/Verk\u00fcrzungen)<\/li>\n<li>Leistungsergometrie (Stufentest am Rad)<\/li>\n<li>BIA (Bioelektrische Impedanzanalyse) zur K\u00f6rperzusammensetzung (Muskeln, Fett, Wasser)<\/li>\n<li>S3-Check- Stabilisationstest<\/li>\n<\/ul>\n<p><!-- \/wp:list --><\/p>\n<p><!-- wp:paragraph --><\/p>\n<p>M\u00f6glicher Ablauf:<\/p>\n<p><!-- \/wp:paragraph --><\/p>\n<p><!-- wp:paragraph --><\/p>\n<p>Therapie nach Bandscheibenvorfall:<\/p>\n<p><!-- \/wp:paragraph --><\/p>\n<p><!-- wp:list {\"ordered\":true,\"type\":\"1\"} --><\/p>\n<ol type=\"1\">\n<li>Gespr\u00e4ch \u00fcber Einschr\u00e4nkungen, Ist-Stand, Ziele, Beratung = KOSTENFREI<\/li>\n<li>Medimouse-Wirbels\u00e4ulenscan, Muskelfunktionstest, Haltungsananlyse<\/li>\n<li>Gespr\u00e4ch, Planerstellung, Training<\/li>\n<\/ol>\n<p><!-- \/wp:list --><\/p>\n<p><!-- wp:image {\"id\":27,\"sizeSlug\":\"large\",\"linkDestination\":\"none\"} --><\/p>\n<figure class=\"wp-block-image size-large\"><img loading=\"lazy\" decoding=\"async\" class=\"aligncenter wp-image-27 size-medium\" src=\"http:\/\/www.trainingstherapeutin.at\/wp-content\/uploads\/2021\/05\/FH_0481-200x300.jpg\" alt=\"\" width=\"200\" height=\"300\" srcset=\"https:\/\/www.trainingstherapeutin.at\/wp-content\/uploads\/2021\/05\/FH_0481-200x300.jpg 200w, https:\/\/www.trainingstherapeutin.at\/wp-content\/uploads\/2021\/05\/FH_0481-683x1024.jpg 683w, https:\/\/www.trainingstherapeutin.at\/wp-content\/uploads\/2021\/05\/FH_0481-768x1152.jpg 768w, https:\/\/www.trainingstherapeutin.at\/wp-content\/uploads\/2021\/05\/FH_0481-1024x1536.jpg 1024w, https:\/\/www.trainingstherapeutin.at\/wp-content\/uploads\/2021\/05\/FH_0481-1365x2048.jpg 1365w, https:\/\/www.trainingstherapeutin.at\/wp-content\/uploads\/2021\/05\/FH_0481-1568x2352.jpg 1568w, https:\/\/www.trainingstherapeutin.at\/wp-content\/uploads\/2021\/05\/FH_0481-scaled.jpg 1707w\" sizes=\"auto, (max-width: 200px) 100vw, 200px\" \/><\/figure>\n<p><\/p>\n<p><!-- \/wp:paragraph --><\/p>\t\t\t\t\t\t<\/div>\n\t\t\t\t<\/div>\n\t\t\t\t\t<\/div>\n\t\t<\/div>\n\t\t\t\t\t\t\t<\/div>\n\t\t<\/section>\n\t\t\t\t\t\t<\/div>\n\t\t\t\t\t<\/div>\n\t\t","protected":false},"excerpt":{"rendered":"<p>\u00c4rztlich Verordnete Trainingstherapie Ich arbeite mit unterschiedlichen \u00c4rzten zusammen im Bereich Allgemeinmedizin, Internistische Erkrankungen (Herz\/Kreislauf, Lunge, Stoffwechsel, Magen-\/Darmerkrankungen, etc.), Orthop\u00e4die (Wirbels\u00e4ule, Knie, Schulter, etc.) und Psychiatrie (Depressionen, Angstst\u00f6rungen, etc.), um eine bestm\u00f6gliche, individuelle und ganzheitliche Therapie durchzuf\u00fchren. &nbsp; Trainingstherapie Medizinische Trainingstherapie (MTT)Training als Medikament \u201eAusdauer- und Krafttraining verbessern nicht nur die Rehabilitation speziell bei Patienten mit COPD und Rheuma. Bei onkologischen Patienten kann sie dar\u00fcber hinaus k\u00f6rperliche Schw\u00e4chen, die durch den Fortschritt der Krankheit oder die Therapiewirkungen auftreten, minimieren.\u201c K\u00f6rperliche Fitness ist nicht nur ein wesentlicher Faktor, um Gesundheit zu erhalten und Krankheiten vorzubeugen. In Form der Medizinischen Trainingstherapie (MTT) kann gezielt auf den Patienten abgestimmtes Training von Kraft und Ausdauer auch den Krankheitsverlauf, die Rehabilitation und damit die Lebensqualit\u00e4t der Patienten ma\u00dfgeblich beeinflussen. \u201eZiel der Medizinischen Trainingstherapie ist, dass sich im K\u00f6rper Ver\u00e4nderungen zeigen, die die Leistungsf\u00e4higkeit und die Muskelf\u00e4higkeit verbessern. Prinzipiell ist sie bei jedem einsetzbar, der eine eingeschr\u00e4nkte Leistungsf\u00e4higkeit aufweist\u201c, sagt Karin Vonbank, Leiterin der Ambulanz f\u00fcr Sport- und Leistungsmedizin von der Abteilung Pulmologie an der Universit\u00e4tsklinik Innere Medizin II in Wien. Nach einem gemeinsam mit dem Patienten erstellten Trainingsplan werden Kraft, Koordination, Gleichgewicht, Ausdauer, Haltung oder Flexibilit\u00e4t teils ger\u00e4tegest\u00fctzt, teils durch Sportarten wie Nordic Walking, Laufen oder Ergometer-Fahrradfahren trainiert.Von Elisabeth Gerstendorfer Quelle: www.aerztezeitung.at\/archiv\/oeaez-2012\/oeaez-5-10032012\/medizinische-trainingstherapie-mtt-ausdauer-kraft.html &nbsp; Therapieangebote Ausdauertraining wie gef\u00fchrtes Nordic Walking, Wandern oder Laufen z.B. bei Herz-Kreislauf Erkrankungen, Stoffwechselst\u00f6rungen, etc. allg. Aufbau- und Leistungstraining wie Fahrradergometer z.B. bei Neurologischen Erkrankungen, nach Operationen oder als Wettkampfvorbereitung Krafttraining zur St\u00e4rkung der Muskulatur z.B. bei Adipositas, Wirbels\u00e4ulenproblemen oder Diabetes Atemgymnastik, -therapie z.B. bei Asthma, COPD oder nach Covid Beckenbodentraining z.B. bei Inkontinenz, in oder nach der Schwangerschaft Koordinations- und Gleichgewichtstraining (sensomotorisches Training) z.B. nach Knieverletzungen, Schwindel oder Operationen Entspannungsverfahren (Autogenes Training, PMR, etc.) z.B. bei Burnout, Schlafst\u00f6rungen oder zum Stressausgleich Beratungen\/Vortr\u00e4ge\/Schulungen \u00fcber allgemein gesundheitsf\u00f6rderliches Verhalten und Training Trainingstherapiebezogene Beratungen f\u00fcr Bewegung im Alltag, Trainingsplanerstellung Leistungsdiagnostische T\u00e4tigkeiten zur Ist-Stand Ermittlung und Erreichung sportlicher Ziele Apparative Leistungen Wirbels\u00e4ulenscan (Medimouse) Maximalkraftmessungen (DR. Wolff) Muskelfunktionstests (Abschw\u00e4chungen\/Verk\u00fcrzungen) Leistungsergometrie (Stufentest am Rad) BIA (Bioelektrische Impedanzanalyse) zur K\u00f6rperzusammensetzung (Muskeln, Fett, Wasser) S3-Check- Stabilisationstest M\u00f6glicher Ablauf: Therapie nach Bandscheibenvorfall: Gespr\u00e4ch \u00fcber Einschr\u00e4nkungen, Ist-Stand, Ziele, Beratung = KOSTENFREI Medimouse-Wirbels\u00e4ulenscan, Muskelfunktionstest, Haltungsananlyse Gespr\u00e4ch, Planerstellung, Training<\/p>\n","protected":false},"author":1,"featured_media":0,"parent":0,"menu_order":0,"comment_status":"closed","ping_status":"closed","template":"","meta":{"footnotes":""},"class_list":["post-14","page","type-page","status-publish","hentry"],"_links":{"self":[{"href":"https:\/\/www.trainingstherapeutin.at\/index.php?rest_route=\/wp\/v2\/pages\/14","targetHints":{"allow":["GET"]}}],"collection":[{"href":"https:\/\/www.trainingstherapeutin.at\/index.php?rest_route=\/wp\/v2\/pages"}],"about":[{"href":"https:\/\/www.trainingstherapeutin.at\/index.php?rest_route=\/wp\/v2\/types\/page"}],"author":[{"embeddable":true,"href":"https:\/\/www.trainingstherapeutin.at\/index.php?rest_route=\/wp\/v2\/users\/1"}],"replies":[{"embeddable":true,"href":"https:\/\/www.trainingstherapeutin.at\/index.php?rest_route=%2Fwp%2Fv2%2Fcomments&post=14"}],"version-history":[{"count":29,"href":"https:\/\/www.trainingstherapeutin.at\/index.php?rest_route=\/wp\/v2\/pages\/14\/revisions"}],"predecessor-version":[{"id":750,"href":"https:\/\/www.trainingstherapeutin.at\/index.php?rest_route=\/wp\/v2\/pages\/14\/revisions\/750"}],"wp:attachment":[{"href":"https:\/\/www.trainingstherapeutin.at\/index.php?rest_route=%2Fwp%2Fv2%2Fmedia&parent=14"}],"curies":[{"name":"wp","href":"https:\/\/api.w.org\/{rel}","templated":true}]}}